{"id":122,"date":"2025-02-04T16:21:06","date_gmt":"2025-02-04T15:21:06","guid":{"rendered":"https:\/\/blog.kuba.i234.me\/?page_id=122"},"modified":"2025-02-04T16:22:50","modified_gmt":"2025-02-04T15:22:50","slug":"uber-mich","status":"publish","type":"page","link":"https:\/\/k404.eu\/?page_id=122","title":{"rendered":"\u00dcber mich"},"content":{"rendered":"\n<p>Mein Name ist Kuba, ich bin 39 Jahre alt und IT fasziniert mich schon seit Langem, auch wenn mein urspr\u00fcnglicher akademischer Weg im Maschinenbau sowie in Verwaltung und Produktionsingenieurwesen begann \u2013 ein Studium, das ich nach f\u00fcnf Semestern abbrach. Rund 20 Jahre nach der Matura, nach dem Abschluss meiner Umschulung als Fachinformatiker f\u00fcr Anwendungsentwicklung, erkannte ich die spannende Verbindung zwischen Programmieren und Systemintegration \u2013 eine Erkenntnis, die den Grundstein f\u00fcr meinen Einstieg in die IT-Branche legte.<\/p>\n\n\n\n<p>Neben meiner beruflichen Neuorientierung pflege ich zahlreiche private Interessen: Ich fotografiere leidenschaftlich, reise gerne und interessiere mich f\u00fcr Autos, technisches Basteln sowie Psychologie. Seit meiner Ankunft in Deutschland im Jahr 2012 lebe ich in Wiesbaden zusammen mit meiner Freundin. Zuvor war ich sieben Jahre als Teamleiter in meiner Heimat t\u00e4tig. Diese vielf\u00e4ltigen Erfahrungen pr\u00e4gen mein Selbstbild und motivieren mich, neue Herausforderungen mutig anzugehen.<\/p>\n","protected":false},"excerpt":{"rendered":"<p>Mein Name ist Kuba, ich bin 39 Jahre alt und IT fasziniert mich schon seit Langem, auch wenn mein urspr\u00fcnglicher akademischer Weg im Maschinenbau sowie <a href=\"https:\/\/k404.eu\/?page_id=122\" class=\"btn btn-link continue-link\">Read more<\/a><\/p>\n","protected":false},"author":1,"featured_media":125,"parent":0,"menu_order":0,"comment_status":"closed","ping_status":"closed","template":"","meta":{"_acf_changed":false,"footnotes":""},"class_list":["post-122","page","type-page","status-publish","has-post-thumbnail","hentry"],"acf":[],"_links":{"self":[{"href":"https:\/\/k404.eu\/index.php?rest_route=\/wp\/v2\/pages\/122","targetHints":{"allow":["GET"]}}],"collection":[{"href":"https:\/\/k404.eu\/index.php?rest_route=\/wp\/v2\/pages"}],"about":[{"href":"https:\/\/k404.eu\/index.php?rest_route=\/wp\/v2\/types\/page"}],"author":[{"embeddable":true,"href":"https:\/\/k404.eu\/index.php?rest_route=\/wp\/v2\/users\/1"}],"replies":[{"embeddable":true,"href":"https:\/\/k404.eu\/index.php?rest_route=%2Fwp%2Fv2%2Fcomments&post=122"}],"version-history":[{"count":2,"href":"https:\/\/k404.eu\/index.php?rest_route=\/wp\/v2\/pages\/122\/revisions"}],"predecessor-version":[{"id":327,"href":"https:\/\/k404.eu\/index.php?rest_route=\/wp\/v2\/pages\/122\/revisions\/327"}],"wp:featuredmedia":[{"embeddable":true,"href":"https:\/\/k404.eu\/index.php?rest_route=\/wp\/v2\/media\/125"}],"wp:attachment":[{"href":"https:\/\/k404.eu\/index.php?rest_route=%2Fwp%2Fv2%2Fmedia&parent=122"}],"curies":[{"name":"wp","href":"https:\/\/api.w.org\/{rel}","templated":true}]}}