{"id":148,"date":"2025-02-04T17:01:52","date_gmt":"2025-02-04T16:01:52","guid":{"rendered":"https:\/\/blog.kuba.i234.me\/?page_id=148"},"modified":"2025-02-04T17:51:54","modified_gmt":"2025-02-04T16:51:54","slug":"copyright-notice","status":"publish","type":"page","link":"https:\/\/k404.eu\/?page_id=148","title":{"rendered":"Copyright"},"content":{"rendered":"\n<h3 class=\"wp-block-heading\">Deutsch<\/h3>\n\n\n\n<p>Alle auf dieser Website ver\u00f6ffentlichten Inhalte, einschlie\u00dflich Texte, Bilder, Grafiken, Videos und sonstiger Medien, sind urheberrechtlich gesch\u00fctzt. Die Vervielf\u00e4ltigung, Verbreitung, \u00f6ffentliche Zug\u00e4nglichmachung oder sonstige Nutzung der Inhalte ist ohne ausdr\u00fcckliche schriftliche Zustimmung des Urhebers gem\u00e4\u00df den Bestimmungen des deutschen Urheberrechtsgesetzes (UrhG) sowie der einschl\u00e4gigen EU-Vorschriften strengstens untersagt. Jede unautorisierte Nutzung kann zu zivil- und strafrechtlichen Konsequenzen f\u00fchren. Bei berechtigtem Interesse kontaktieren Sie mich bitte \u00fcber die angegebenen Kontaktm\u00f6glichkeiten, um eine entsprechende Nutzungserlaubnis einzuholen.<\/p>\n\n\n\n<h3 class=\"wp-block-heading\">English<\/h3>\n\n\n\n<p>All content published on this website, including text, images, graphics, videos, and other media, is protected by copyright. Reproduction, distribution, public display, or any other use of the content is strictly prohibited without the explicit written consent of the copyright owner in accordance with the German Copyright Act (UrhG) and relevant EU regulations. Any unauthorized use may result in civil and criminal legal action. If you have a legitimate interest in using the content, please contact me using the provided contact details to obtain the necessary permission.<\/p>\n\n\n\n<h3 class=\"wp-block-heading\">Polski<\/h3>\n\n\n\n<p>Wszystkie tre\u015bci zamieszczone na tej stronie, w tym teksty, zdj\u0119cia, grafiki, filmy oraz inne materia\u0142y multimedialne, s\u0105 chronione prawami autorskimi. Kopiowanie, rozpowszechnianie, publiczne udost\u0119pnianie lub jakiekolwiek inne wykorzystywanie tych tre\u015bci jest surowo zabronione bez uprzedniej pisemnej zgody w\u0142a\u015bciciela praw autorskich, zgodnie z przepisami niemieckiej ustawy o prawie autorskim (UrhG) oraz obowi\u0105zuj\u0105cymi przepisami UE. Ka\u017cde nieautoryzowane u\u017cycie mo\u017ce skutkowa\u0107 podj\u0119ciem krok\u00f3w prawnych zar\u00f3wno na gruncie prawa cywilnego, jak i karnego. W przypadku uzasadnionego zainteresowania wykorzystaniem tre\u015bci prosz\u0119 o kontakt w celu uzyskania stosownej zgody.<\/p>\n","protected":false},"excerpt":{"rendered":"<p>Deutsch Alle auf dieser Website ver\u00f6ffentlichten Inhalte, einschlie\u00dflich Texte, Bilder, Grafiken, Videos und sonstiger Medien, sind urheberrechtlich gesch\u00fctzt. Die Vervielf\u00e4ltigung, Verbreitung, \u00f6ffentliche Zug\u00e4nglichmachung oder sonstige <a href=\"https:\/\/k404.eu\/?page_id=148\" class=\"btn btn-link continue-link\">Read more<\/a><\/p>\n","protected":false},"author":1,"featured_media":0,"parent":0,"menu_order":0,"comment_status":"closed","ping_status":"closed","template":"","meta":{"_acf_changed":false,"footnotes":""},"class_list":["post-148","page","type-page","status-publish","hentry"],"acf":[],"_links":{"self":[{"href":"https:\/\/k404.eu\/index.php?rest_route=\/wp\/v2\/pages\/148","targetHints":{"allow":["GET"]}}],"collection":[{"href":"https:\/\/k404.eu\/index.php?rest_route=\/wp\/v2\/pages"}],"about":[{"href":"https:\/\/k404.eu\/index.php?rest_route=\/wp\/v2\/types\/page"}],"author":[{"embeddable":true,"href":"https:\/\/k404.eu\/index.php?rest_route=\/wp\/v2\/users\/1"}],"replies":[{"embeddable":true,"href":"https:\/\/k404.eu\/index.php?rest_route=%2Fwp%2Fv2%2Fcomments&post=148"}],"version-history":[{"count":2,"href":"https:\/\/k404.eu\/index.php?rest_route=\/wp\/v2\/pages\/148\/revisions"}],"predecessor-version":[{"id":160,"href":"https:\/\/k404.eu\/index.php?rest_route=\/wp\/v2\/pages\/148\/revisions\/160"}],"wp:attachment":[{"href":"https:\/\/k404.eu\/index.php?rest_route=%2Fwp%2Fv2%2Fmedia&parent=148"}],"curies":[{"name":"wp","href":"https:\/\/api.w.org\/{rel}","templated":true}]}}