{"id":324,"date":"2025-02-12T14:14:34","date_gmt":"2025-02-12T13:14:34","guid":{"rendered":"https:\/\/k404.eu\/?page_id=324"},"modified":"2025-02-12T14:14:35","modified_gmt":"2025-02-12T13:14:35","slug":"o-mnie","status":"publish","type":"page","link":"https:\/\/k404.eu\/?page_id=324&lang=pl","title":{"rendered":"O mnie"},"content":{"rendered":"\n<p>Nazywam si\u0119 Kuba, mam 39 lat i od dawna fascynuje mnie IT, cho\u0107 moja pierwotna \u015bcie\u017cka akademicka prowadzi\u0142a przez in\u017cynieri\u0119 mechaniczn\u0105 oraz zarz\u0105dzanie i in\u017cynieri\u0119 produkcji \u2013 studia, kt\u00f3re przerwa\u0142em po pi\u0119ciu semestrach. Oko\u0142o 20 lat po maturze, po uko\u0144czeniu <strong>Umschulung<\/strong> na specjalist\u0119 ds. informatyki w zakresie tworzenia oprogramowania, dostrzeg\u0142em fascynuj\u0105ce powi\u0105zanie mi\u0119dzy programowaniem a integracj\u0105 system\u00f3w \u2013 odkrycie to sta\u0142o si\u0119 fundamentem mojego wej\u015bcia do bran\u017cy IT.<\/p>\n\n\n\n<p>Obok zawodowej zmiany kierunku mam wiele prywatnych pasji: uwielbiam fotografi\u0119, podr\u00f3\u017ce oraz motoryzacj\u0119, majsterkowanie przy sprz\u0119cie technicznym i psychologi\u0119. Od 2012 roku mieszkam w Wiesbaden razem z moj\u0105 dziewczyn\u0105. Wcze\u015bniej przez siedem lat pracowa\u0142em jako kierownik zespo\u0142u w mojej ojczy\u017anie. Te r\u00f3\u017cnorodne do\u015bwiadczenia kszta\u0142tuj\u0105 moje podej\u015bcie do \u017cycia i motywuj\u0105 mnie do odwa\u017cnego podejmowania nowych wyzwa\u0144.<\/p>\n","protected":false},"excerpt":{"rendered":"<p>Nazywam si\u0119 Kuba, mam 39 lat i od dawna fascynuje mnie IT, cho\u0107 moja pierwotna \u015bcie\u017cka akademicka prowadzi\u0142a przez in\u017cynieri\u0119 mechaniczn\u0105 oraz zarz\u0105dzanie i in\u017cynieri\u0119 <a href=\"https:\/\/k404.eu\/?page_id=324&#038;lang=pl\" class=\"btn btn-link continue-link\">Read more<\/a><\/p>\n","protected":false},"author":1,"featured_media":125,"parent":0,"menu_order":0,"comment_status":"closed","ping_status":"closed","template":"","meta":{"_acf_changed":false,"footnotes":""},"class_list":["post-324","page","type-page","status-publish","has-post-thumbnail","hentry"],"acf":[],"_links":{"self":[{"href":"https:\/\/k404.eu\/index.php?rest_route=\/wp\/v2\/pages\/324","targetHints":{"allow":["GET"]}}],"collection":[{"href":"https:\/\/k404.eu\/index.php?rest_route=\/wp\/v2\/pages"}],"about":[{"href":"https:\/\/k404.eu\/index.php?rest_route=\/wp\/v2\/types\/page"}],"author":[{"embeddable":true,"href":"https:\/\/k404.eu\/index.php?rest_route=\/wp\/v2\/users\/1"}],"replies":[{"embeddable":true,"href":"https:\/\/k404.eu\/index.php?rest_route=%2Fwp%2Fv2%2Fcomments&post=324"}],"version-history":[{"count":1,"href":"https:\/\/k404.eu\/index.php?rest_route=\/wp\/v2\/pages\/324\/revisions"}],"predecessor-version":[{"id":326,"href":"https:\/\/k404.eu\/index.php?rest_route=\/wp\/v2\/pages\/324\/revisions\/326"}],"wp:featuredmedia":[{"embeddable":true,"href":"https:\/\/k404.eu\/index.php?rest_route=\/wp\/v2\/media\/125"}],"wp:attachment":[{"href":"https:\/\/k404.eu\/index.php?rest_route=%2Fwp%2Fv2%2Fmedia&parent=324"}],"curies":[{"name":"wp","href":"https:\/\/api.w.org\/{rel}","templated":true}]}}